{"id":59992,"date":"2017-07-17T08:25:51","date_gmt":"2017-07-17T07:25:51","guid":{"rendered":"http:\/\/www.airun.cat\/serveis\/"},"modified":"2021-02-22T12:45:13","modified_gmt":"2021-02-22T11:45:13","slug":"servicios","status":"publish","type":"page","link":"https:\/\/www.airun.cat\/es\/servicios\/","title":{"rendered":"Servicios"},"content":{"rendered":"<section class=\"wpb-content-wrapper\"><p>[vc_row row_height_percent=\u00bb0&#8243; override_padding=\u00bbyes\u00bb h_padding=\u00bb2&#8243; top_padding=\u00bb4&#8243; bottom_padding=\u00bb4&#8243; back_image=\u00bb57889&#8243; back_repeat=\u00bbno-repeat\u00bb back_attachment=\u00bbscroll\u00bb back_position=\u00bbcenter bottom\u00bb overlay_alpha=\u00bb50&#8243; gutter_size=\u00bb4&#8243; shift_y=\u00bb0&#8243;][vc_column column_width_percent=\u00bb100&#8243; gutter_size=\u00bb3&#8243; style=\u00bblight\u00bb overlay_alpha=\u00bb50&#8243; shift_x=\u00bb0&#8243; shift_y=\u00bb0&#8243; z_index=\u00bb0&#8243; medium_width=\u00bb0&#8243; mobile_width=\u00bb0&#8243; width=\u00bb1\/1&#8243;][vc_custom_heading text_font=\u00bbfont-144571&#8243; text_weight=\u00bb500&#8243; text_transform=\u00bbuppercase\u00bb text_height=\u00bbfontheight-115847&#8243; text_color=\u00bbaccent\u00bb separator=\u00bbyes\u00bb separator_color=\u00bbyes\u00bb]Servicios Culturales[\/vc_custom_heading][vc_row_inner row_inner_height_percent=\u00bb0&#8243; overlay_alpha=\u00bb100&#8243; equal_height=\u00bbyes\u00bb gutter_size=\u00bb3&#8243; shift_y=\u00bb0&#8243;][vc_column_inner column_width_percent=\u00bb100&#8243; gutter_size=\u00bb3&#8243; style=\u00bblight\u00bb back_color=\u00bbcolor-lxmt\u00bb overlay_alpha=\u00bb100&#8243; shift_x=\u00bb0&#8243; shift_y=\u00bb0&#8243; z_index=\u00bb0&#8243; medium_width=\u00bb4&#8243; mobile_width=\u00bb0&#8243; zoom_width=\u00bb0&#8243; zoom_height=\u00bb0&#8243; width=\u00bb1\/4&#8243;][vc_custom_heading heading_semantic=\u00bbh3&#8243; text_size=\u00bbh5&#8243; text_color=\u00bbcolor-121490&#8243; subheading=\u00bbConceptualizaci\u00f3n, dise\u00f1o del proyecto e implementaci\u00f3n de eventos culturales donde el contexto y el escenario es la calle.\u00bb el_class=\u00bbjustify\u00bb]Actos de participaci\u00f3n ciudadana[\/vc_custom_heading][\/vc_column_inner][vc_column_inner column_width_percent=\u00bb100&#8243; gutter_size=\u00bb3&#8243; style=\u00bblight\u00bb back_color=\u00bbcolor-lxmt\u00bb overlay_alpha=\u00bb100&#8243; shift_x=\u00bb0&#8243; shift_y=\u00bb0&#8243; z_index=\u00bb0&#8243; medium_width=\u00bb4&#8243; mobile_width=\u00bb0&#8243; zoom_width=\u00bb0&#8243; zoom_height=\u00bb0&#8243; width=\u00bb1\/4&#8243;][vc_custom_heading heading_semantic=\u00bbh3&#8243; text_size=\u00bbh5&#8243; text_color=\u00bbcolor-121490&#8243; subheading=\u00bbDise\u00f1o y creatividad para programaciones culturales adaptadas a contenidos concretos.\u00bb el_class=\u00bbjustify\u00bb]Programaci\u00f3n cultural de espect\u00e1culos y actividades[\/vc_custom_heading][\/vc_column_inner][vc_column_inner width=\u00bb1\/4&#8243;][\/vc_column_inner][vc_column_inner width=\u00bb1\/4&#8243;][\/vc_column_inner][\/vc_row_inner][vc_row_inner row_inner_height_percent=\u00bb0&#8243; overlay_alpha=\u00bb100&#8243; equal_height=\u00bbyes\u00bb gutter_size=\u00bb3&#8243; shift_y=\u00bb0&#8243;][vc_column_inner column_width_percent=\u00bb100&#8243; gutter_size=\u00bb3&#8243; style=\u00bblight\u00bb back_color=\u00bbcolor-lxmt\u00bb overlay_alpha=\u00bb100&#8243; shift_x=\u00bb0&#8243; shift_y=\u00bb0&#8243; z_index=\u00bb0&#8243; medium_width=\u00bb4&#8243; mobile_width=\u00bb0&#8243; zoom_width=\u00bb0&#8243; zoom_height=\u00bb0&#8243; width=\u00bb1\/4&#8243;][vc_custom_heading heading_semantic=\u00bbh3&#8243; text_size=\u00bbh5&#8243; text_color=\u00bbcolor-121490&#8243; subheading=\u00bbDise\u00f1o, organizaci\u00f3n, producci\u00f3n y dinamizaci\u00f3n con la implicaci\u00f3n de entidades, colectivos y personas.\u00bb el_class=\u00bbjustify\u00bb]Ferias y exposiciones[\/vc_custom_heading][\/vc_column_inner][vc_column_inner column_width_percent=\u00bb100&#8243; gutter_size=\u00bb3&#8243; style=\u00bblight\u00bb back_color=\u00bbcolor-lxmt\u00bb overlay_alpha=\u00bb100&#8243; shift_x=\u00bb0&#8243; shift_y=\u00bb0&#8243; z_index=\u00bb0&#8243; medium_width=\u00bb4&#8243; mobile_width=\u00bb0&#8243; zoom_width=\u00bb0&#8243; zoom_height=\u00bb0&#8243; width=\u00bb1\/4&#8243;][vc_custom_heading heading_semantic=\u00bbh3&#8243; text_size=\u00bbh5&#8243; text_color=\u00bbcolor-121490&#8243; subheading=\u00bbDise\u00f1o del proyecto, producci\u00f3n y dinamizaci\u00f3n de puntos de encuentro para colectivos y sectores diferentes.\u00bb el_class=\u00bbjustify\u00bb]Presentaciones, jornadas y congresos[\/vc_custom_heading][\/vc_column_inner][vc_column_inner width=\u00bb1\/4&#8243;][\/vc_column_inner][vc_column_inner width=\u00bb1\/4&#8243;][\/vc_column_inner][\/vc_row_inner][\/vc_column][\/vc_row][vc_row row_height_percent=\u00bb0&#8243; override_padding=\u00bbyes\u00bb h_padding=\u00bb2&#8243; top_padding=\u00bb4&#8243; bottom_padding=\u00bb4&#8243; back_color=\u00bbcolor-lxmt\u00bb overlay_alpha=\u00bb50&#8243; gutter_size=\u00bb4&#8243; shift_y=\u00bb0&#8243;][vc_column column_width_percent=\u00bb100&#8243; gutter_size=\u00bb3&#8243; style=\u00bblight\u00bb overlay_alpha=\u00bb50&#8243; shift_x=\u00bb0&#8243; shift_y=\u00bb0&#8243; z_index=\u00bb0&#8243; medium_width=\u00bb0&#8243; mobile_width=\u00bb0&#8243; width=\u00bb1\/2&#8243;][vc_custom_heading text_font=\u00bbfont-144571&#8243; text_weight=\u00bb500&#8243; text_transform=\u00bbuppercase\u00bb text_height=\u00bbfontheight-115847&#8243; text_color=\u00bbaccent\u00bb separator=\u00bbyes\u00bb separator_color=\u00bbyes\u00bb]Servicios Deportivos[\/vc_custom_heading][vc_row_inner][vc_column_inner column_width_percent=\u00bb100&#8243; gutter_size=\u00bb3&#8243; back_color=\u00bbcolor-xsdn\u00bb overlay_alpha=\u00bb50&#8243; shift_x=\u00bb0&#8243; shift_y=\u00bb0&#8243; z_index=\u00bb0&#8243; medium_width=\u00bb0&#8243; mobile_width=\u00bb0&#8243; width=\u00bb1\/1&#8243; css=\u00bb.vc_custom_1505463442343{padding-top: 40px !important;padding-right: 40px !important;padding-bottom: 40px !important;padding-left: 40px !important;}\u00bb][vc_single_image media=\u00bb57325&#8243; media_width_percent=\u00bb90&#8243; alignment=\u00bbcenter\u00bb media_link=\u00bburl:http%3A%2F%2Fwww.taktiqs.com%2Fes-index.html|title:Taktiqs%20-%20Eventos%20deportivos|target:%20_blank|\u00bb][\/vc_column_inner][\/vc_row_inner][\/vc_column][vc_column column_width_percent=\u00bb100&#8243; align_horizontal=\u00bbalign_right\u00bb gutter_size=\u00bb3&#8243; style=\u00bblight\u00bb overlay_alpha=\u00bb50&#8243; shift_x=\u00bb0&#8243; shift_y=\u00bb0&#8243; z_index=\u00bb0&#8243; medium_width=\u00bb0&#8243; mobile_width=\u00bb0&#8243; width=\u00bb1\/2&#8243; css=\u00bb.vc_custom_1514737435676{padding-top: 0px !important;padding-right: 0px !important;padding-bottom: 0px !important;padding-left: 0px !important;}\u00bb][vc_row_inner row_inner_height_percent=\u00bb0&#8243; overlay_alpha=\u00bb100&#8243; equal_height=\u00bbyes\u00bb gutter_size=\u00bb3&#8243; shift_y=\u00bb0&#8243; css=\u00bb.vc_custom_1514737478571{margin-bottom: 0px !important;padding-top: 100px !important;}\u00bb][vc_column_inner column_width_percent=\u00bb100&#8243; gutter_size=\u00bb3&#8243; style=\u00bblight\u00bb overlay_alpha=\u00bb100&#8243; shift_x=\u00bb0&#8243; shift_y=\u00bb0&#8243; z_index=\u00bb0&#8243; medium_width=\u00bb7&#8243; mobile_width=\u00bb0&#8243; zoom_width=\u00bb0&#8243; zoom_height=\u00bb0&#8243; width=\u00bb1\/1&#8243; css=\u00bb.vc_custom_1505464394093{padding-top: 0px !important;padding-bottom: 20px !important;}\u00bb][vc_custom_heading heading_semantic=\u00bbh3&#8243; text_size=\u00bbh5&#8243; text_weight=\u00bb400&#8243; text_height=\u00bbfontheight-163004&#8243; text_color=\u00bbcolor-wvjs\u00bb]<\/p>\n<p style=\"text-align: justify;\"><span class=\"taktiqs\"><strong>\u00aeTaktiqs<\/strong><\/span> es una iniciativa empresarial enfocada a los eventos deportivos. Nuestra misi\u00f3n es crear e innovar en todo lo relacionado con les eventos deportivos de \u00e1mbito participativo. Tenemos en cuenta cualquier idea nueva relacionada con el deporte.<\/p>\n<p>[\/vc_custom_heading][\/vc_column_inner][\/vc_row_inner][vc_row_inner row_inner_height_percent=\u00bb0&#8243; overlay_alpha=\u00bb100&#8243; equal_height=\u00bbyes\u00bb gutter_size=\u00bb3&#8243; shift_y=\u00bb0&#8243; css=\u00bb.vc_custom_1514737461740{margin-top: 20px !important;margin-bottom: 10px !important;}\u00bb][vc_column_inner column_width_percent=\u00bb100&#8243; gutter_size=\u00bb3&#8243; style=\u00bblight\u00bb back_color=\u00bbcolor-xsdn\u00bb overlay_alpha=\u00bb100&#8243; shift_x=\u00bb0&#8243; shift_y=\u00bb0&#8243; z_index=\u00bb0&#8243; medium_width=\u00bb4&#8243; mobile_width=\u00bb0&#8243; zoom_width=\u00bb0&#8243; zoom_height=\u00bb0&#8243; width=\u00bb1\/2&#8243;][vc_custom_heading heading_semantic=\u00bbh3&#8243; text_size=\u00bbh5&#8243; text_color=\u00bbcolor-121490&#8243; subheading=\u00bbDise\u00f1o, organizaci\u00f3n, y producci\u00f3n de eventos deportivos profesionales, educativos y de ocio.\u00bb el_class=\u00bbjustify\u00bb]Actos deportivos[\/vc_custom_heading][\/vc_column_inner][vc_column_inner column_width_percent=\u00bb100&#8243; gutter_size=\u00bb3&#8243; style=\u00bblight\u00bb back_color=\u00bbcolor-xsdn\u00bb overlay_alpha=\u00bb100&#8243; shift_x=\u00bb0&#8243; shift_y=\u00bb0&#8243; z_index=\u00bb0&#8243; medium_width=\u00bb4&#8243; mobile_width=\u00bb0&#8243; zoom_width=\u00bb0&#8243; zoom_height=\u00bb0&#8243; width=\u00bb1\/2&#8243;][vc_custom_heading heading_semantic=\u00bbh3&#8243; text_size=\u00bbh5&#8243; text_color=\u00bbcolor-121490&#8243; subheading=\u00bbDise\u00f1o, organizaci\u00f3n, producci\u00f3n y dinamizaci\u00f3n con la implicaci\u00f3n de entidades deportivas, empresas y otros colectivos y personas.\u00bb el_class=\u00bbjustify\u00bb]Ferias y exposiciones[\/vc_custom_heading][\/vc_column_inner][\/vc_row_inner][vc_button button_color=\u00bbcolor-121490&#8243; size=\u00bbbtn-lg\u00bb radius=\u00bbbtn-circle\u00bb border_animation=\u00bbbtn-ripple-in\u00bb icon_position=\u00bbright\u00bb link=\u00bburl:http%3A%2F%2Fwww.taktiqs.com%2Fes-index.html||target:%20_blank|\u00bb icon=\u00bbfa fa-chevron-right\u00bb]Conoce Taktiqs[\/vc_button][\/vc_column][\/vc_row][vc_row row_height_percent=\u00bb0&#8243; override_padding=\u00bbyes\u00bb h_padding=\u00bb2&#8243; top_padding=\u00bb4&#8243; bottom_padding=\u00bb4&#8243; overlay_alpha=\u00bb50&#8243; gutter_size=\u00bb4&#8243; shift_y=\u00bb0&#8243;][vc_column column_width_percent=\u00bb100&#8243; gutter_size=\u00bb3&#8243; style=\u00bblight\u00bb overlay_alpha=\u00bb50&#8243; shift_x=\u00bb0&#8243; shift_y=\u00bb0&#8243; z_index=\u00bb0&#8243; medium_width=\u00bb0&#8243; mobile_width=\u00bb0&#8243; width=\u00bb1\/1&#8243;][vc_custom_heading text_font=\u00bbfont-144571&#8243; text_weight=\u00bb500&#8243; text_transform=\u00bbuppercase\u00bb text_height=\u00bbfontheight-115847&#8243; text_color=\u00bbaccent\u00bb separator=\u00bbyes\u00bb separator_color=\u00bbyes\u00bb]Soporte de personal[\/vc_custom_heading][vc_row_inner row_inner_height_percent=\u00bb0&#8243; overlay_alpha=\u00bb100&#8243; equal_height=\u00bbyes\u00bb gutter_size=\u00bb3&#8243; shift_y=\u00bb0&#8243;][vc_column_inner column_width_percent=\u00bb100&#8243; gutter_size=\u00bb3&#8243; style=\u00bblight\u00bb back_color=\u00bbcolor-lxmt\u00bb overlay_alpha=\u00bb100&#8243; shift_x=\u00bb0&#8243; shift_y=\u00bb0&#8243; z_index=\u00bb0&#8243; medium_width=\u00bb4&#8243; mobile_width=\u00bb0&#8243; zoom_width=\u00bb0&#8243; zoom_height=\u00bb0&#8243; width=\u00bb1\/4&#8243;][vc_custom_heading heading_semantic=\u00bbh3&#8243; text_size=\u00bbh5&#8243; text_color=\u00bbcolor-121490&#8243; subheading=\u00bbSoporte para los procesos de gesti\u00f3n con entidades, colectivos y participaci\u00f3n de p\u00fablicos: sistemas de inscripciones, atenci\u00f3n y soporte de informaci\u00f3n telef\u00f3nico, etc.\u00bb el_class=\u00bbjustify\u00bb]Secretaria y oficina t\u00e9cnica[\/vc_custom_heading][\/vc_column_inner][vc_column_inner column_width_percent=\u00bb100&#8243; gutter_size=\u00bb3&#8243; style=\u00bblight\u00bb back_color=\u00bbcolor-lxmt\u00bb overlay_alpha=\u00bb100&#8243; shift_x=\u00bb0&#8243; shift_y=\u00bb0&#8243; z_index=\u00bb0&#8243; medium_width=\u00bb4&#8243; mobile_width=\u00bb0&#8243; zoom_width=\u00bb0&#8243; zoom_height=\u00bb0&#8243; width=\u00bb1\/4&#8243;][vc_custom_heading heading_semantic=\u00bbh3&#8243; text_size=\u00bbh5&#8243; text_color=\u00bbcolor-121490&#8243; subheading=\u00bbServicio de soporte t\u00e9cnico y control de procesos de montaje, desmontaje y de control de escaletas, gesti\u00f3n de equipos y requisitos de seguridad de los actos.\u00bb el_class=\u00bbjustify\u00bb]Regidor\u00edas y coordinaciones t\u00e9cnicas[\/vc_custom_heading][\/vc_column_inner][vc_column_inner column_width_percent=\u00bb100&#8243; gutter_size=\u00bb3&#8243; back_color=\u00bbcolor-lxmt\u00bb overlay_alpha=\u00bb50&#8243; shift_x=\u00bb0&#8243; shift_y=\u00bb0&#8243; z_index=\u00bb0&#8243; medium_width=\u00bb4&#8243; mobile_width=\u00bb0&#8243; width=\u00bb1\/4&#8243;][vc_custom_heading heading_semantic=\u00bbh3&#8243; text_size=\u00bbh5&#8243; text_color=\u00bbcolor-121490&#8243; subheading=\u00bbSoporte para actos con una plataforma de personal profesional en el sector del ocio, de la dinamizaci\u00f3n de p\u00fablicos y de la atenci\u00f3n personalizada.\u00bb el_class=\u00bbjustify\u00bb]Dinamizaci\u00f3n y monitoraje[\/vc_custom_heading][\/vc_column_inner][vc_column_inner column_width_percent=\u00bb100&#8243; gutter_size=\u00bb3&#8243; back_color=\u00bbcolor-lxmt\u00bb overlay_alpha=\u00bb50&#8243; shift_x=\u00bb0&#8243; shift_y=\u00bb0&#8243; z_index=\u00bb0&#8243; medium_width=\u00bb4&#8243; mobile_width=\u00bb0&#8243; width=\u00bb1\/4&#8243;][vc_custom_heading heading_semantic=\u00bbh3&#8243; text_size=\u00bbh5&#8243; text_color=\u00bbcolor-121490&#8243; subheading=\u00bbOperarios t\u00e9cnicos para los procesos de montaje, asistencia y desmontaje de actos.\u00bb el_class=\u00bbjustify\u00bb]Soporte t\u00e9cnico para actos[\/vc_custom_heading][\/vc_column_inner][\/vc_row_inner][\/vc_column][\/vc_row][vc_row row_height_percent=\u00bb0&#8243; override_padding=\u00bbyes\u00bb h_padding=\u00bb2&#8243; top_padding=\u00bb3&#8243; bottom_padding=\u00bb3&#8243; back_color=\u00bbcolor-921265&#8243; back_image=\u00bb42850&#8243; back_position=\u00bbcenter center\u00bb parallax=\u00bbyes\u00bb overlay_color=\u00bbaccent\u00bb overlay_alpha=\u00bb90&#8243; gutter_size=\u00bb100&#8243; shift_y=\u00bb0&#8243; style=\u00bbinherited\u00bb][vc_column column_width_percent=\u00bb100&#8243; position_vertical=\u00bbmiddle\u00bb align_horizontal=\u00bbalign_center\u00bb gutter_size=\u00bb2&#8243; style=\u00bbdark\u00bb overlay_alpha=\u00bb100&#8243; shift_x=\u00bb0&#8243; shift_y=\u00bb0&#8243; z_index=\u00bb0&#8243; medium_width=\u00bb0&#8243; mobile_width=\u00bb0&#8243; zoom_width=\u00bb0&#8243; zoom_height=\u00bb0&#8243; width=\u00bb1\/1&#8243;][vc_custom_heading text_font=\u00bbfont-144571&#8243; text_weight=\u00bb500&#8243; text_transform=\u00bbuppercase\u00bb text_height=\u00bbfontheight-115847&#8243; text_color=\u00bbcolor-xsdn\u00bb separator=\u00bbyes\u00bb el_class=\u00bbquisom-separator\u00bb]Tambi\u00e9n ofrecemos[\/vc_custom_heading][vc_row_inner row_inner_height_percent=\u00bb0&#8243; overlay_alpha=\u00bb50&#8243; equal_height=\u00bbyes\u00bb gutter_size=\u00bb3&#8243; shift_y=\u00bb0&#8243; css=\u00bb.vc_custom_1505745132511{margin-top: 72px !important;margin-bottom: 72px !important;}\u00bb][vc_column_inner column_width_percent=\u00bb100&#8243; align_horizontal=\u00bbalign_center\u00bb gutter_size=\u00bb3&#8243; style=\u00bbdark\u00bb overlay_color=\u00bbcolor-xsdn\u00bb overlay_alpha=\u00bb10&#8243; border_color=\u00bbcolor-xsdn\u00bb border_style=\u00bbsolid\u00bb shift_x=\u00bb0&#8243; shift_y=\u00bb0&#8243; z_index=\u00bb0&#8243; medium_width=\u00bb7&#8243; mobile_width=\u00bb7&#8243; width=\u00bb1\/3&#8243; css=\u00bb.vc_custom_1505744402040{border-top-width: 0px !important;border-right-width: 0px !important;border-bottom-width: 0px !important;border-left-width: 0px !important;padding-top: 10px !important;padding-right: 10px !important;padding-bottom: 10px !important;padding-left: 10px !important;}\u00bb el_class=\u00bbcolumn-altres-serveis\u00bb][vc_column_text el_class=\u00bbaltres-serveis\u00bb]Alquiler de infraestructuras y materiales para eventos[\/vc_column_text][\/vc_column_inner][vc_column_inner column_width_percent=\u00bb100&#8243; align_horizontal=\u00bbalign_center\u00bb gutter_size=\u00bb3&#8243; style=\u00bbdark\u00bb overlay_color=\u00bbcolor-xsdn\u00bb overlay_alpha=\u00bb10&#8243; border_color=\u00bbcolor-xsdn\u00bb border_style=\u00bbsolid\u00bb shift_x=\u00bb0&#8243; shift_y=\u00bb0&#8243; z_index=\u00bb0&#8243; medium_width=\u00bb7&#8243; mobile_width=\u00bb7&#8243; width=\u00bb1\/3&#8243; css=\u00bb.vc_custom_1505744410939{border-top-width: 0px !important;border-right-width: 0px !important;border-bottom-width: 0px !important;border-left-width: 0px !important;padding-top: 10px !important;padding-right: 10px !important;padding-bottom: 10px !important;padding-left: 10px !important;}\u00bb el_class=\u00bbcolumn-altres-serveis\u00bb][vc_column_text el_class=\u00bbaltres-serveis\u00bb]Servicios<br \/>\naudiovisuales[\/vc_column_text][\/vc_column_inner][vc_column_inner column_width_percent=\u00bb100&#8243; align_horizontal=\u00bbalign_center\u00bb gutter_size=\u00bb3&#8243; style=\u00bbdark\u00bb overlay_color=\u00bbcolor-xsdn\u00bb overlay_alpha=\u00bb10&#8243; border_color=\u00bbcolor-xsdn\u00bb border_style=\u00bbsolid\u00bb shift_x=\u00bb0&#8243; shift_y=\u00bb0&#8243; z_index=\u00bb0&#8243; medium_width=\u00bb7&#8243; mobile_width=\u00bb7&#8243; width=\u00bb1\/3&#8243; css=\u00bb.vc_custom_1505744423089{border-top-width: 0px !important;border-right-width: 0px !important;border-bottom-width: 0px !important;border-left-width: 0px !important;padding-top: 10px !important;padding-right: 10px !important;padding-bottom: 10px !important;padding-left: 10px !important;}\u00bb el_class=\u00bbcolumn-altres-serveis\u00bb][vc_column_text el_class=\u00bbaltres-serveis\u00bb]Traducci\u00f3n i Correcciones ling\u00fc\u00edsticas[\/vc_column_text][\/vc_column_inner][\/vc_row_inner][vc_button button_color=\u00bbcolor-121490&#8243; size=\u00bbbtn-lg\u00bb radius=\u00bbbtn-circle\u00bb border_animation=\u00bbbtn-ripple-in\u00bb text_skin=\u00bbyes\u00bb border_width=\u00bb0&#8243; link=\u00bburl:https%3A%2F%2Fwww.airun.cat%2Fes%2Fcontacto%2F|||\u00bb el_class=\u00bbboto-serveis\u00bb]CONTACTA CON NOSOTROS PARA M\u00c1S INFORMACI\u00d3N[\/vc_button][\/vc_column][\/vc_row]<\/p>\n<\/section>","protected":false},"excerpt":{"rendered":"<p>[vc_row row_height_percent=\u00bb0&#8243; override_padding=\u00bbyes\u00bb h_padding=\u00bb2&#8243; top_padding=\u00bb4&#8243; bottom_padding=\u00bb4&#8243; back_image=\u00bb57889&#8243; back_repeat=\u00bbno-repeat\u00bb back_attachment=\u00bbscroll\u00bb back_position=\u00bbcenter bottom\u00bb overlay_alpha=\u00bb50&#8243; gutter_size=\u00bb4&#8243; shift_y=\u00bb0&#8243;][vc_column column_width_percent=\u00bb100&#8243; gutter_size=\u00bb3&#8243; style=\u00bblight\u00bb overlay_alpha=\u00bb50&#8243; shift_x=\u00bb0&#8243; shift_y=\u00bb0&#8243; [&hellip;]<\/p>\n","protected":false},"author":1,"featured_media":0,"parent":0,"menu_order":0,"comment_status":"closed","ping_status":"closed","template":"","meta":{"footnotes":""},"_links":{"self":[{"href":"https:\/\/www.airun.cat\/es\/wp-json\/wp\/v2\/pages\/59992"}],"collection":[{"href":"https:\/\/www.airun.cat\/es\/wp-json\/wp\/v2\/pages"}],"about":[{"href":"https:\/\/www.airun.cat\/es\/wp-json\/wp\/v2\/types\/page"}],"author":[{"embeddable":true,"href":"https:\/\/www.airun.cat\/es\/wp-json\/wp\/v2\/users\/1"}],"replies":[{"embeddable":true,"href":"https:\/\/www.airun.cat\/es\/wp-json\/wp\/v2\/comments?post=59992"}],"version-history":[{"count":9,"href":"https:\/\/www.airun.cat\/es\/wp-json\/wp\/v2\/pages\/59992\/revisions"}],"predecessor-version":[{"id":60290,"href":"https:\/\/www.airun.cat\/es\/wp-json\/wp\/v2\/pages\/59992\/revisions\/60290"}],"wp:attachment":[{"href":"https:\/\/www.airun.cat\/es\/wp-json\/wp\/v2\/media?parent=59992"}],"curies":[{"name":"wp","href":"https:\/\/api.w.org\/{rel}","templated":true}]}}